{"id":354,"date":"2021-01-03T16:20:45","date_gmt":"2021-01-03T15:20:45","guid":{"rendered":"https:\/\/www.muennich-coll.de\/?page_id=354"},"modified":"2021-01-13T20:42:27","modified_gmt":"2021-01-13T19:42:27","slug":"steuerberatung-und-rechnungswesen","status":"publish","type":"page","link":"https:\/\/www.muennich-coll.de\/index.php\/steuerberatung-und-rechnungswesen\/","title":{"rendered":"Steuerberatung und Rechnungswesen"},"content":{"rendered":"<p>[et_pb_section fb_built=&#8220;1&#8243; fullwidth=&#8220;on&#8220; admin_label=&#8220;Hero&#8220; _builder_version=&#8220;3.22&#8243; background_image=&#8220;https:\/\/www.muennich-coll.de\/wp-content\/uploads\/2021\/01\/business-coach-0041.jpg&#8220; parallax=&#8220;on&#8220;][et_pb_fullwidth_header title=&#8220;Steuerberatung und Rechnungswesen&#8220; content_max_width=&#8220;700px&#8220; _builder_version=&#8220;4.7.4&#8243; title_font=&#8220;Playfair Display|700|||||||&#8220; title_font_size=&#8220;70px&#8220; title_line_height=&#8220;1.5em&#8220; content_font=&#8220;Nunito|600|||||||&#8220; content_font_size=&#8220;20px&#8220; subhead_font=&#8220;Lato|700|||||||&#8220; subhead_font_size=&#8220;30px&#8220; subhead_line_height=&#8220;1.8em&#8220; background_color=&#8220;rgba(0,0,0,0)&#8220; use_background_color_gradient=&#8220;on&#8220; background_color_gradient_start=&#8220;rgba(53,80,160,0.27)&#8220; background_color_gradient_end=&#8220;#3550a0&#8243; background_color_gradient_direction=&#8220;220deg&#8220; background_color_gradient_overlays_image=&#8220;on&#8220; custom_button_one=&#8220;on&#8220; button_one_text_size=&#8220;16px&#8220; button_one_text_color=&#8220;#3550a0&#8243; button_one_bg_color=&#8220;#ffffff&#8220; button_one_border_width=&#8220;10px&#8220; button_one_border_color=&#8220;rgba(210,159,104,0)&#8220; button_one_border_radius=&#8220;100px&#8220; button_one_font=&#8220;Lato|900|||||||&#8220; button_one_use_icon=&#8220;off&#8220; custom_button_two=&#8220;on&#8220; button_two_text_size=&#8220;16px&#8220; button_two_text_color=&#8220;#ffffff&#8220; button_two_bg_color=&#8220;rgba(255,255,255,0.15)&#8220; button_two_border_width=&#8220;10px&#8220; button_two_border_color=&#8220;rgba(210,159,104,0)&#8220; button_two_border_radius=&#8220;100px&#8220; button_two_font=&#8220;Lato|900|||||||&#8220; button_two_use_icon=&#8220;off&#8220; custom_margin=&#8220;|||&#8220; custom_padding=&#8220;10vw||10vw||false&#8220; custom_padding_tablet=&#8220;20vw||20vw||true&#8220; custom_padding_phone=&#8220;20vw||20vw||true&#8220; custom_padding_last_edited=&#8220;on|desktop&#8220; title_font_size_tablet=&#8220;50px&#8220; title_font_size_phone=&#8220;32px&#8220; title_font_size_last_edited=&#8220;on|tablet&#8220; button_one_text_color_hover=&#8220;#3550a0&#8243; button_two_text_color_hover=&#8220;#ffffff&#8220; button_one_bg_color_hover=&#8220;rgba(255,255,255,0.8)&#8220; button_two_bg_color_hover=&#8220;rgba(255,255,255,0.3)&#8220; button_one_text_size__hover_enabled=&#8220;off&#8220; button_two_text_size__hover_enabled=&#8220;off&#8220; button_one_text_color__hover_enabled=&#8220;on&#8220; button_one_text_color__hover=&#8220;#3550a0&#8243; button_two_text_color__hover_enabled=&#8220;on&#8220; button_two_text_color__hover=&#8220;#ffffff&#8220; button_one_border_width__hover_enabled=&#8220;off&#8220; button_two_border_width__hover_enabled=&#8220;off&#8220; button_one_border_color__hover_enabled=&#8220;off&#8220; button_two_border_color__hover_enabled=&#8220;off&#8220; button_one_border_radius__hover_enabled=&#8220;off&#8220; button_two_border_radius__hover_enabled=&#8220;off&#8220; button_one_letter_spacing__hover_enabled=&#8220;off&#8220; button_two_letter_spacing__hover_enabled=&#8220;off&#8220; button_one_bg_color__hover_enabled=&#8220;on&#8220; button_one_bg_color__hover=&#8220;rgba(255,255,255,0.8)&#8220; button_two_bg_color__hover_enabled=&#8220;on&#8220; button_two_bg_color__hover=&#8220;rgba(255,255,255,0.3)&#8220;][\/et_pb_fullwidth_header][\/et_pb_section][et_pb_section fb_built=&#8220;1&#8243; admin_label=&#8220;Services&#8220; _builder_version=&#8220;3.22&#8243; locked=&#8220;off&#8220;][et_pb_row _builder_version=&#8220;3.25&#8243;][et_pb_column type=&#8220;4_4&#8243; _builder_version=&#8220;3.25&#8243; custom_padding=&#8220;|||&#8220; custom_padding__hover=&#8220;|||&#8220;][et_pb_text _builder_version=&#8220;3.27.4&#8243; text_font=&#8220;||||||||&#8220; text_font_size=&#8220;16px&#8220; text_line_height=&#8220;1.9em&#8220; header_font=&#8220;||||||||&#8220; header_2_font=&#8220;Playfair Display|700|||||||&#8220; header_2_font_size=&#8220;40px&#8220; header_2_line_height=&#8220;1.5em&#8220; header_6_font=&#8220;||||||||&#8220; text_orientation=&#8220;center&#8220; max_width=&#8220;600px&#8220; max_width_last_edited=&#8220;off|desktop&#8220; module_alignment=&#8220;center&#8220; custom_margin=&#8220;|||&#8220; custom_padding=&#8220;|||&#8220; header_2_font_size_tablet=&#8220;30px&#8220; header_2_font_size_phone=&#8220;24px&#8220; header_2_font_size_last_edited=&#8220;on|phone&#8220; locked=&#8220;off&#8220;]<\/p>\n<h2>Unsere Leistungen<\/h2>\n<p>Wir bieten Ihnen umfangreiche Leistungen in der\u00a0<span>Steuerberatung und dem\u00a0 Rechnungswesen.<\/span><\/p>\n<p>[\/et_pb_text][\/et_pb_column][\/et_pb_row][et_pb_row column_structure=&#8220;1_3,1_3,1_3&#8243; use_custom_gutter=&#8220;on&#8220; gutter_width=&#8220;1&#8243; custom_padding_last_edited=&#8220;off|desktop&#8220; _builder_version=&#8220;3.25&#8243; background_color=&#8220;#e1e2e8&#8243; module_alignment=&#8220;center&#8220; custom_margin=&#8220;20px||20px||true&#8220; custom_padding=&#8220;0px||0px||true&#8220; custom_padding_phone=&#8220;10px||10px||true&#8220; animation_style=&#8220;slide&#8220; animation_direction=&#8220;right&#8220; animation_intensity_slide=&#8220;1%&#8220; box_shadow_style=&#8220;preset3&#8243; box_shadow_vertical=&#8220;100px&#8220; box_shadow_blur=&#8220;100px&#8220; box_shadow_spread=&#8220;-60px&#8220; locked=&#8220;off&#8220;][et_pb_column type=&#8220;1_3&#8243; _builder_version=&#8220;3.25&#8243; custom_padding=&#8220;|||&#8220; custom_padding__hover=&#8220;|||&#8220;][et_pb_blurb title=&#8220;Steuerberatung&#8220; use_icon=&#8220;on&#8220; font_icon=&#8220;%%101%%&#8220; icon_color=&#8220;rgba(0,21,76,0.3)&#8220; use_icon_font_size=&#8220;on&#8220; icon_font_size=&#8220;32px&#8220; _builder_version=&#8220;4.7.4&#8243; _dynamic_attributes=&#8220;link_option_url&#8220; header_font=&#8220;Lato|700|||||||&#8220; header_text_color=&#8220;#3550a0&#8243; header_line_height=&#8220;1.5em&#8220; background_color=&#8220;#ffffff&#8220; text_orientation=&#8220;center&#8220; custom_padding=&#8220;40px|20px|40px|20px|true|true&#8220; custom_padding_tablet=&#8220;&#8220; custom_padding_phone=&#8220;20px||20px||true&#8220; custom_padding_last_edited=&#8220;on|phone&#8220; animation_direction=&#8220;right&#8220; animation=&#8220;off&#8220; link_option_url=&#8220;@ET-DC@eyJkeW5hbWljIjp0cnVlLCJjb250ZW50IjoicG9zdF9saW5rX3VybF9wYWdlIiwic2V0dGluZ3MiOnsicG9zdF9pZCI6IjM2NiJ9fQ==@&#8220;][\/et_pb_blurb][et_pb_blurb title=&#8220;Jahresabschluss&#8220; url=&#8220;@ET-DC@eyJkeW5hbWljIjp0cnVlLCJjb250ZW50IjoicG9zdF9saW5rX3VybF9wYWdlIiwic2V0dGluZ3MiOnsicG9zdF9pZCI6IjQyMiJ9fQ==@&#8220; use_icon=&#8220;on&#8220; font_icon=&#8220;%%157%%&#8220; icon_color=&#8220;rgba(0,21,76,0.3)&#8220; use_icon_font_size=&#8220;on&#8220; icon_font_size=&#8220;32px&#8220; _builder_version=&#8220;4.7.4&#8243; _dynamic_attributes=&#8220;url&#8220; header_font=&#8220;Lato|700|||||||&#8220; header_text_color=&#8220;#3550a0&#8243; header_line_height=&#8220;1.5em&#8220; background_color=&#8220;#f9fafc&#8220; text_orientation=&#8220;center&#8220; custom_padding=&#8220;40px|20px|40px|20px|true|true&#8220; custom_padding_tablet=&#8220;&#8220; custom_padding_phone=&#8220;20px||20px||true&#8220; custom_padding_last_edited=&#8220;on|phone&#8220; animation=&#8220;off&#8220; locked=&#8220;off&#8220;][\/et_pb_blurb][\/et_pb_column][et_pb_column type=&#8220;1_3&#8243; _builder_version=&#8220;3.25&#8243; custom_padding=&#8220;|||&#8220; custom_padding__hover=&#8220;|||&#8220;][et_pb_blurb title=&#8220;Finanzbuchhaltung&#8220; url=&#8220;@ET-DC@eyJkeW5hbWljIjp0cnVlLCJjb250ZW50IjoicG9zdF9saW5rX3VybF9wYWdlIiwic2V0dGluZ3MiOnsicG9zdF9pZCI6IjM5NyJ9fQ==@&#8220; use_icon=&#8220;on&#8220; font_icon=&#8220;%%124%%&#8220; icon_color=&#8220;rgba(0,21,76,0.3)&#8220; use_icon_font_size=&#8220;on&#8220; icon_font_size=&#8220;32px&#8220; _builder_version=&#8220;4.7.4&#8243; _dynamic_attributes=&#8220;link_option_url,url&#8220; header_font=&#8220;Lato|700|||||||&#8220; header_text_color=&#8220;#3550a0&#8243; header_line_height=&#8220;1.5em&#8220; background_color=&#8220;#f9fafc&#8220; text_orientation=&#8220;center&#8220; custom_padding=&#8220;40px|20px|40px|20px|true|true&#8220; custom_padding_tablet=&#8220;&#8220; custom_padding_phone=&#8220;20px||20px||true&#8220; custom_padding_last_edited=&#8220;on|phone&#8220; animation=&#8220;off&#8220; link_option_url=&#8220;@ET-DC@eyJkeW5hbWljIjp0cnVlLCJjb250ZW50IjoicG9zdF9saW5rX3VybF9wYWdlIiwic2V0dGluZ3MiOnsicG9zdF9pZCI6IjM5NyJ9fQ==@&#8220;][\/et_pb_blurb][et_pb_blurb title=&#8220;Gr\u00fcndungsberatung&#8220; url=&#8220;@ET-DC@eyJkeW5hbWljIjp0cnVlLCJjb250ZW50IjoicG9zdF9saW5rX3VybF9wYWdlIiwic2V0dGluZ3MiOnsicG9zdF9pZCI6IjQzMiJ9fQ==@&#8220; use_icon=&#8220;on&#8220; font_icon=&#8220;%%166%%&#8220; icon_color=&#8220;rgba(0,21,76,0.3)&#8220; use_icon_font_size=&#8220;on&#8220; icon_font_size=&#8220;32px&#8220; _builder_version=&#8220;4.7.4&#8243; _dynamic_attributes=&#8220;url&#8220; header_font=&#8220;Lato|700|||||||&#8220; header_text_color=&#8220;#3550a0&#8243; header_line_height=&#8220;1.5em&#8220; background_color=&#8220;#f2f3f7&#8243; text_orientation=&#8220;center&#8220; custom_padding=&#8220;40px|20px|40px|20px|true|true&#8220; custom_padding_tablet=&#8220;&#8220; custom_padding_phone=&#8220;20px||20px||true&#8220; custom_padding_last_edited=&#8220;on|phone&#8220; animation=&#8220;off&#8220; locked=&#8220;off&#8220;][\/et_pb_blurb][\/et_pb_column][et_pb_column type=&#8220;1_3&#8243; _builder_version=&#8220;3.25&#8243; custom_padding=&#8220;|||&#8220; custom_padding__hover=&#8220;|||&#8220;][et_pb_blurb title=&#8220;Nachfolgeberatung&#8220; url=&#8220;@ET-DC@eyJkeW5hbWljIjp0cnVlLCJjb250ZW50IjoicG9zdF9saW5rX3VybF9wYWdlIiwic2V0dGluZ3MiOnsicG9zdF9pZCI6IjQxNSJ9fQ==@&#8220; use_icon=&#8220;on&#8220; font_icon=&#8220;%%52%%&#8220; icon_color=&#8220;rgba(0,21,76,0.3)&#8220; use_icon_font_size=&#8220;on&#8220; icon_font_size=&#8220;32px&#8220; _builder_version=&#8220;4.7.4&#8243; _dynamic_attributes=&#8220;url&#8220; header_font=&#8220;Lato|700|||||||&#8220; header_text_color=&#8220;#3550a0&#8243; header_line_height=&#8220;1.5em&#8220; background_color=&#8220;#f2f3f7&#8243; text_orientation=&#8220;center&#8220; custom_padding=&#8220;40px|20px|40px|20px|true|true&#8220; custom_padding_tablet=&#8220;&#8220; custom_padding_phone=&#8220;20px||20px||true&#8220; custom_padding_last_edited=&#8220;on|phone&#8220; animation=&#8220;off&#8220;][\/et_pb_blurb][et_pb_blurb title=&#8220;Lohnbuchhaltung&#8220; url=&#8220;@ET-DC@eyJkeW5hbWljIjp0cnVlLCJjb250ZW50IjoicG9zdF9saW5rX3VybF9wYWdlIiwic2V0dGluZ3MiOnsicG9zdF9pZCI6IjQ0MyJ9fQ==@&#8220; use_icon=&#8220;on&#8220; font_icon=&#8220;%%103%%&#8220; icon_color=&#8220;rgba(0,21,76,0.3)&#8220; use_icon_font_size=&#8220;on&#8220; icon_font_size=&#8220;32px&#8220; _builder_version=&#8220;4.7.4&#8243; _dynamic_attributes=&#8220;url&#8220; header_font=&#8220;Lato|700|||||||&#8220; header_text_color=&#8220;#3550a0&#8243; header_line_height=&#8220;1.5em&#8220; background_color=&#8220;#e9ebf1&#8243; text_orientation=&#8220;center&#8220; custom_padding=&#8220;40px|20px|40px|20px|true|true&#8220; custom_padding_tablet=&#8220;&#8220; custom_padding_phone=&#8220;20px||20px||true&#8220; custom_padding_last_edited=&#8220;on|phone&#8220; animation=&#8220;off&#8220; locked=&#8220;off&#8220;][\/et_pb_blurb][\/et_pb_column][\/et_pb_row][\/et_pb_section][et_pb_section fb_built=&#8220;1&#8243; custom_padding_last_edited=&#8220;on|phone&#8220; admin_label=&#8220;FAQ&#8220; _builder_version=&#8220;3.22&#8243; custom_margin=&#8220;|||&#8220; custom_padding=&#8220;0px|20%|||false|false&#8220; custom_padding_tablet=&#8220;|0%||&#8220; custom_padding_phone=&#8220;&#8220;][\/et_pb_section][et_pb_section fb_built=&#8220;1&#8243; admin_label=&#8220;About&#8220; _builder_version=&#8220;3.22&#8243; use_background_color_gradient=&#8220;on&#8220; background_color_gradient_start=&#8220;rgba(240,242,246,0.5)&#8220; background_color_gradient_end=&#8220;rgba(255,255,255,0)&#8220; background_color_gradient_direction=&#8220;90deg&#8220; custom_margin=&#8220;||60px|&#8220; custom_padding=&#8220;0|0px|0|0px|false|false&#8220;][et_pb_row column_structure=&#8220;1_2,1_2&#8243; padding_top_bottom_link_1=&#8220;true&#8220; _builder_version=&#8220;3.25&#8243; custom_padding=&#8220;0|0px|0|0px|false|false&#8220;][et_pb_column type=&#8220;1_2&#8243; _builder_version=&#8220;3.25&#8243; background_color_gradient_direction=&#8220;270deg&#8220; custom_padding=&#8220;6vw||6vw|&#8220; custom_padding_tablet=&#8220;|5%||5%||true&#8220; custom_padding_phone=&#8220;|7%||7%||true&#8220; custom_padding_last_edited=&#8220;on|desktop&#8220; padding_phone=&#8220;|7%||7%||true&#8220; padding_tablet=&#8220;|5%||5%||true&#8220; padding_last_edited=&#8220;on|desktop&#8220; custom_padding__hover=&#8220;|||&#8220;][et_pb_text _builder_version=&#8220;4.7.4&#8243; text_font=&#8220;||||||||&#8220; text_font_size=&#8220;16px&#8220; text_line_height=&#8220;1.9em&#8220; header_font=&#8220;||||||||&#8220; header_2_font=&#8220;Playfair Display|700|||||||&#8220; header_2_font_size=&#8220;40px&#8220; header_2_line_height=&#8220;1.5em&#8220; header_3_font=&#8220;Lato|700||on|||||&#8220; header_3_text_color=&#8220;#3550a0&#8243; header_3_font_size=&#8220;20px&#8220; header_3_line_height=&#8220;1.5em&#8220; header_6_font=&#8220;||||||||&#8220; max_width=&#8220;600px&#8220; max_width_last_edited=&#8220;off|desktop&#8220; custom_margin=&#8220;|||&#8220; custom_padding=&#8220;|||&#8220; hover_enabled=&#8220;0&#8243; header_2_font_size_tablet=&#8220;30px&#8220; header_2_font_size_phone=&#8220;24px&#8220; header_2_font_size_last_edited=&#8220;on|phone&#8220; header_3_font_size_tablet=&#8220;50px&#8220; header_3_font_size_phone=&#8220;32px&#8220; header_3_font_size_last_edited=&#8220;off|desktop&#8220; locked=&#8220;off&#8220; sticky_enabled=&#8220;0&#8243;]<\/p>\n<h2>Mehr \u00fcber uns<\/h2>\n<h3><span>Gewusst wie \u2013 klare Kante!<\/span><\/h3>\n<div class=\"et_pb_module et_pb_text et_pb_text_4  et_pb_text_align_center et_pb_bg_layout_light\">\n<div class=\"et_pb_text_inner\">\n<p style=\"text-align: justify;\">Aufgrund der immer komplizierter werdenden Gesetzgebung und der steigenden Anforderungen an Unternehmer und auch Privatpersonen im Hinblick auf das Steuerrecht ist es wichtig, einen kompetenten Partner an seiner Seite zu wissen.<\/p>\n<p style=\"text-align: justify;\">Wir sind eine mittelst\u00e4ndische Wirtschaftspr\u00fcfungs- und Steuerberatungsgesellschaft, die bereits seit 2005 erfolgreich in Oldenburg t\u00e4tig ist. Seit der Gr\u00fcndung legen wir gro\u00dfen Wert auf pers\u00f6nliche Betreuung sowie fachlich kompetente steuerliche und betriebswirtschaftliche Beratung. Dabei stehen individuelle und innovative L\u00f6sungen bei uns im Vordergrund!<\/p>\n<\/div>\n<\/div>\n<p>[\/et_pb_text][et_pb_button button_url=&#8220;@ET-DC@eyJkeW5hbWljIjp0cnVlLCJjb250ZW50IjoicG9zdF9saW5rX3VybF9wYWdlIiwic2V0dGluZ3MiOnsicG9zdF9pZCI6IjM2In19@&#8220; button_text=&#8220;Mehr Informationen&#8220; _builder_version=&#8220;4.7.4&#8243; _dynamic_attributes=&#8220;button_url&#8220; custom_button=&#8220;on&#8220; button_text_size=&#8220;16px&#8220; button_text_color=&#8220;#ffffff&#8220; button_bg_color=&#8220;#3550a0&#8243; button_border_width=&#8220;10px&#8220; button_border_color=&#8220;rgba(210,159,104,0)&#8220; button_border_radius=&#8220;100px&#8220; button_font=&#8220;Lato|900|||||||&#8220; button_use_icon=&#8220;off&#8220; button_bg_color_hover=&#8220;#4159a0&#8243; locked=&#8220;off&#8220; button_text_size__hover_enabled=&#8220;off&#8220; button_one_text_size__hover_enabled=&#8220;off&#8220; button_two_text_size__hover_enabled=&#8220;off&#8220; button_text_color__hover_enabled=&#8220;off&#8220; button_one_text_color__hover_enabled=&#8220;off&#8220; button_two_text_color__hover_enabled=&#8220;off&#8220; button_border_width__hover_enabled=&#8220;off&#8220; button_one_border_width__hover_enabled=&#8220;off&#8220; button_two_border_width__hover_enabled=&#8220;off&#8220; button_border_color__hover_enabled=&#8220;off&#8220; button_one_border_color__hover_enabled=&#8220;off&#8220; button_two_border_color__hover_enabled=&#8220;off&#8220; button_border_radius__hover_enabled=&#8220;off&#8220; button_one_border_radius__hover_enabled=&#8220;off&#8220; button_two_border_radius__hover_enabled=&#8220;off&#8220; button_letter_spacing__hover_enabled=&#8220;off&#8220; button_one_letter_spacing__hover_enabled=&#8220;off&#8220; button_two_letter_spacing__hover_enabled=&#8220;off&#8220; button_bg_color__hover_enabled=&#8220;on&#8220; button_bg_color__hover=&#8220;#4159a0&#8243; button_one_bg_color__hover_enabled=&#8220;off&#8220; button_two_bg_color__hover_enabled=&#8220;off&#8220;]<\/p>\n<h1>About Anthony<\/h1>\n<h3>Business CoacH<\/h3>\n<p>Lorem ipsum dolor sit amet, consectetur adipiscing elit, sed do eiusmod tempor incididunt ut labore et dolore magna aliqua. Ut enim ad minim veniam. Lorem ipsum dolor sit amet, cons<\/p>\n<p>[\/et_pb_button][\/et_pb_column][et_pb_column type=&#8220;1_2&#8243; _builder_version=&#8220;3.25&#8243; custom_padding=&#8220;|||&#8220; custom_padding_tablet=&#8220;|0px||0px|false|true&#8220; padding_tablet=&#8220;|0px||0px|false|true&#8220; custom_padding__hover=&#8220;|||&#8220;][et_pb_image src=&#8220;https:\/\/www.muennich-coll.de\/wp-content\/uploads\/2021\/01\/business-coach-0035.jpg&#8220; align_tablet=&#8220;center&#8220; align_phone=&#8220;&#8220; align_last_edited=&#8220;on|desktop&#8220; _builder_version=&#8220;3.23&#8243; use_background_color_gradient=&#8220;on&#8220; background_color_gradient_start=&#8220;#3550a0&#8243; background_color_gradient_end=&#8220;rgba(240,242,246,0)&#8220; background_color_gradient_start_position=&#8220;25%&#8220; background_color_gradient_end_position=&#8220;25%&#8220; max_width_last_edited=&#8220;off|desktop&#8220; custom_padding=&#8220;|||60px&#8220; animation_style=&#8220;slide&#8220; animation_direction=&#8220;top&#8220; animation_intensity_slide=&#8220;1%&#8220; box_shadow_style=&#8220;preset4&#8243; box_shadow_horizontal=&#8220;120px&#8220; box_shadow_vertical=&#8220;120px&#8220; box_shadow_spread=&#8220;-60px&#8220; box_shadow_color=&#8220;#f0f2f6&#8243;][\/et_pb_image][\/et_pb_column][\/et_pb_row][\/et_pb_section]<\/p>\n","protected":false},"excerpt":{"rendered":"<p>[et_pb_section fb_built=&#8220;1&#8243; fullwidth=&#8220;on&#8220; admin_label=&#8220;Hero&#8220; _builder_version=&#8220;3.22&#8243; background_image=&#8220;https:\/\/www.muennich-coll.de\/wp-content\/uploads\/2021\/01\/business-coach-0041.jpg&#8220; parallax=&#8220;on&#8220;][et_pb_fullwidth_header title=&#8220;Steuerberatung und Rechnungswesen&#8220; content_max_width=&#8220;700px&#8220; _builder_version=&#8220;4.7.4&#8243; title_font=&#8220;Playfair Display|700|||||||&#8220; title_font_size=&#8220;70px&#8220; title_line_height=&#8220;1.5em&#8220; content_font=&#8220;Nunito|600|||||||&#8220; content_font_size=&#8220;20px&#8220; subhead_font=&#8220;Lato|700|||||||&#8220; subhead_font_size=&#8220;30px&#8220; subhead_line_height=&#8220;1.8em&#8220; background_color=&#8220;rgba(0,0,0,0)&#8220; use_background_color_gradient=&#8220;on&#8220; background_color_gradient_start=&#8220;rgba(53,80,160,0.27)&#8220; background_color_gradient_end=&#8220;#3550a0&#8243; background_color_gradient_direction=&#8220;220deg&#8220; background_color_gradient_overlays_image=&#8220;on&#8220; custom_button_one=&#8220;on&#8220; button_one_text_size=&#8220;16px&#8220; button_one_text_color=&#8220;#3550a0&#8243; button_one_bg_color=&#8220;#ffffff&#8220; button_one_border_width=&#8220;10px&#8220; button_one_border_color=&#8220;rgba(210,159,104,0)&#8220; button_one_border_radius=&#8220;100px&#8220; button_one_font=&#8220;Lato|900|||||||&#8220; button_one_use_icon=&#8220;off&#8220; custom_button_two=&#8220;on&#8220; button_two_text_size=&#8220;16px&#8220; button_two_text_color=&#8220;#ffffff&#8220; button_two_bg_color=&#8220;rgba(255,255,255,0.15)&#8220; button_two_border_width=&#8220;10px&#8220; button_two_border_color=&#8220;rgba(210,159,104,0)&#8220; button_two_border_radius=&#8220;100px&#8220; button_two_font=&#8220;Lato|900|||||||&#8220; button_two_use_icon=&#8220;off&#8220; custom_margin=&#8220;|||&#8220; custom_padding=&#8220;10vw||10vw||false&#8220; custom_padding_tablet=&#8220;20vw||20vw||true&#8220; custom_padding_phone=&#8220;20vw||20vw||true&#8220; custom_padding_last_edited=&#8220;on|desktop&#8220; title_font_size_tablet=&#8220;50px&#8220; title_font_size_phone=&#8220;32px&#8220; title_font_size_last_edited=&#8220;on|tablet&#8220; button_one_text_color_hover=&#8220;#3550a0&#8243; button_two_text_color_hover=&#8220;#ffffff&#8220; [&hellip;]<\/p>\n","protected":false},"author":1,"featured_media":0,"parent":0,"menu_order":0,"comment_status":"closed","ping_status":"closed","template":"","meta":{"_et_pb_use_builder":"on","_et_pb_old_content":"","_et_gb_content_width":"","footnotes":""},"class_list":["post-354","page","type-page","status-publish","hentry"],"_links":{"self":[{"href":"https:\/\/www.muennich-coll.de\/index.php\/wp-json\/wp\/v2\/pages\/354","targetHints":{"allow":["GET"]}}],"collection":[{"href":"https:\/\/www.muennich-coll.de\/index.php\/wp-json\/wp\/v2\/pages"}],"about":[{"href":"https:\/\/www.muennich-coll.de\/index.php\/wp-json\/wp\/v2\/types\/page"}],"author":[{"embeddable":true,"href":"https:\/\/www.muennich-coll.de\/index.php\/wp-json\/wp\/v2\/users\/1"}],"replies":[{"embeddable":true,"href":"https:\/\/www.muennich-coll.de\/index.php\/wp-json\/wp\/v2\/comments?post=354"}],"version-history":[{"count":9,"href":"https:\/\/www.muennich-coll.de\/index.php\/wp-json\/wp\/v2\/pages\/354\/revisions"}],"predecessor-version":[{"id":509,"href":"https:\/\/www.muennich-coll.de\/index.php\/wp-json\/wp\/v2\/pages\/354\/revisions\/509"}],"wp:attachment":[{"href":"https:\/\/www.muennich-coll.de\/index.php\/wp-json\/wp\/v2\/media?parent=354"}],"curies":[{"name":"wp","href":"https:\/\/api.w.org\/{rel}","templated":true}]}}