{"id":432,"date":"2021-01-12T18:27:29","date_gmt":"2021-01-12T17:27:29","guid":{"rendered":"https:\/\/www.muennich-coll.de\/?page_id=432"},"modified":"2021-01-15T10:36:05","modified_gmt":"2021-01-15T09:36:05","slug":"gruendungsberatung","status":"publish","type":"page","link":"https:\/\/www.muennich-coll.de\/index.php\/gruendungsberatung\/","title":{"rendered":"Gr\u00fcndungsberatung"},"content":{"rendered":"<p>[et_pb_section fb_built=&#8220;1&#8243; fullwidth=&#8220;on&#8220; admin_label=&#8220;Hero Section&#8220; _builder_version=&#8220;3.22&#8243;][et_pb_fullwidth_header title=&#8220;Unsere Dienstleistungen&#8220; subhead=&#8220;Gr\u00fcndungsberatung&#8220; background_overlay_color=&#8220;rgba(0,0,0,0.8)&#8220; content_max_width=&#8220;550px&#8220; _builder_version=&#8220;4.7.4&#8243; title_font=&#8220;Poppins|700||on|||||&#8220; title_text_color=&#8220;#edbb5f&#8220; title_font_size=&#8220;14px&#8220; title_letter_spacing=&#8220;2px&#8220; title_line_height=&#8220;1.4em&#8220; content_font=&#8220;Poppins||||||||&#8220; content_font_size=&#8220;16px&#8220; content_letter_spacing=&#8220;1px&#8220; content_line_height=&#8220;2em&#8220; subhead_font=&#8220;Playfair Display|700||on|||||&#8220; subhead_font_size=&#8220;48px&#8220; subhead_letter_spacing=&#8220;3px&#8220; subhead_line_height=&#8220;1.4em&#8220; background_color=&#8220;rgba(255, 255, 255, 0)&#8220; background_image=&#8220;https:\/\/www.muennich-coll.de\/wp-content\/uploads\/2021\/01\/austin-distel-rxpThOwuVgE-unsplash-1.jpg&#8220; parallax=&#8220;on&#8220; parallax_method=&#8220;on&#8220; custom_button_one=&#8220;on&#8220; button_one_border_width=&#8220;1px&#8220; button_one_border_color=&#8220;rgba(255,255,255,0.3)&#8220; button_one_border_radius=&#8220;0px&#8220; button_one_letter_spacing=&#8220;1px&#8220; button_one_font=&#8220;Saira Extra Condensed|600||on|||||&#8220; button_one_icon=&#8220;%%3%%&#8220; button_one_icon_color=&#8220;#edbb5f&#8220; custom_button_two=&#8220;on&#8220; button_two_border_width=&#8220;1px&#8220; button_two_border_color=&#8220;rgba(255,255,255,0.3)&#8220; button_two_border_radius=&#8220;0px&#8220; button_two_letter_spacing=&#8220;1px&#8220; button_two_font=&#8220;Saira Extra Condensed|600||on|||||&#8220; button_two_icon=&#8220;%%3%%&#8220; button_two_icon_color=&#8220;#edbb5f&#8220; module_alignment=&#8220;right&#8220; custom_margin=&#8220;|||&#8220; custom_padding=&#8220;8%||8%|&#8220; button_one_text_color_hover=&#8220;#edbb5f&#8220; button_two_text_color_hover=&#8220;#edbb5f&#8220; button_one_bg_color_hover=&#8220;rgba(0,0,0,0)&#8220; button_two_bg_color_hover=&#8220;rgba(0,0,0,0)&#8220; button_one_text_size__hover_enabled=&#8220;off&#8220; button_two_text_size__hover_enabled=&#8220;off&#8220; button_one_text_color__hover_enabled=&#8220;on&#8220; button_one_text_color__hover=&#8220;#edbb5f&#8220; button_two_text_color__hover_enabled=&#8220;on&#8220; button_two_text_color__hover=&#8220;#edbb5f&#8220; button_one_border_width__hover_enabled=&#8220;off&#8220; button_two_border_width__hover_enabled=&#8220;off&#8220; button_one_border_color__hover_enabled=&#8220;off&#8220; button_two_border_color__hover_enabled=&#8220;off&#8220; button_one_border_radius__hover_enabled=&#8220;off&#8220; button_two_border_radius__hover_enabled=&#8220;off&#8220; button_one_letter_spacing__hover_enabled=&#8220;off&#8220; button_two_letter_spacing__hover_enabled=&#8220;off&#8220; button_one_bg_color__hover_enabled=&#8220;on&#8220; button_one_bg_color__hover=&#8220;rgba(0,0,0,0)&#8220; button_two_bg_color__hover_enabled=&#8220;on&#8220; button_two_bg_color__hover=&#8220;rgba(0,0,0,0)&#8220;][\/et_pb_fullwidth_header][\/et_pb_section][et_pb_section fb_built=&#8220;1&#8243; admin_label=&#8220;Services&#8220; _builder_version=&#8220;3.22&#8243; custom_margin=&#8220;|||&#8220; custom_padding=&#8220;100px|0px|100px|0px&#8220;][et_pb_row column_structure=&#8220;1_2,1_2&#8243; _builder_version=&#8220;3.25&#8243; custom_padding=&#8220;|||&#8220; animation_style=&#8220;fade&#8220;][et_pb_column type=&#8220;1_2&#8243; _builder_version=&#8220;3.25&#8243; custom_padding=&#8220;1px|||&#8220; custom_padding__hover=&#8220;|||&#8220;][et_pb_text _builder_version=&#8220;4.7.4&#8243; text_font=&#8220;||||||||&#8220; header_font=&#8220;||||||||&#8220; header_2_font=&#8220;Playfair Display|700|||||||&#8220; header_2_font_size=&#8220;38px&#8220; header_2_letter_spacing=&#8220;1px&#8220; header_2_line_height=&#8220;1.4em&#8220; header_3_font=&#8220;Poppins|700||on|||||&#8220; header_3_text_color=&#8220;#edbb5f&#8220; header_3_font_size=&#8220;14px&#8220; header_3_letter_spacing=&#8220;1px&#8220; header_3_line_height=&#8220;2em&#8220; locked=&#8220;off&#8220;]<\/p>\n<h2><b><span>Gr\u00fcndungsberatung<\/span><\/b><\/h2>\n<p>[\/et_pb_text][et_pb_divider color=&#8220;#edbb5f&#8220; divider_weight=&#8220;2px&#8220; _builder_version=&#8220;3.2&#8243; max_width=&#8220;60px&#8220; module_alignment=&#8220;left&#8220; height=&#8220;2px&#8220; locked=&#8220;off&#8220;][\/et_pb_divider][et_pb_text _builder_version=&#8220;4.7.4&#8243; text_font=&#8220;Poppins||||||||&#8220; text_font_size=&#8220;16px&#8220; text_letter_spacing=&#8220;1px&#8220; text_line_height=&#8220;2em&#8220; max_width=&#8220;550px&#8220; locked=&#8220;off&#8220;]<\/p>\n<p>Wir haben f\u00fcr s\u00e4mtliche Probleme, die bei der Gr\u00fcndung eines Unternehmens auftreten k\u00f6nnen, entsprechendes Know-how erworben und betreuen Sie professionell in allen Etappen der Umsetzung Ihrer Idee. F\u00fcr Unternehmen aller Gr\u00f6\u00dfenordnungen haben wir eine ma\u00dfgeschneiderte L\u00f6sung bereit.<\/p>\n<p>Von wesentlicher Bedeutung im Zusammenhang der Gr\u00fcndung ist die Wahl der Rechtsform Ihres Unternehmens. Mit dieser Entscheidung sind nicht nur steuerliche, sondern auch sozialversicherungs- und gewerberechtliche Fragestellungen verbunden.<\/p>\n<p>[\/et_pb_text][\/et_pb_column][et_pb_column type=&#8220;1_2&#8243; _builder_version=&#8220;3.25&#8243; custom_padding=&#8220;5%|||&#8220; custom_padding__hover=&#8220;|||&#8220;][et_pb_blurb title=&#8220;Bankgespr\u00e4che&#8220; use_icon=&#8220;on&#8220; font_icon=&#8220;%%221%%&#8220; icon_color=&#8220;#ffffff&#8220; use_circle=&#8220;on&#8220; circle_color=&#8220;#edbb5f&#8220; icon_placement=&#8220;left&#8220; content_max_width=&#8220;1100%&#8220; use_icon_font_size=&#8220;on&#8220; icon_font_size=&#8220;25px&#8220; _builder_version=&#8220;4.7.4&#8243; header_font=&#8220;Poppins|700||on|||||&#8220; header_font_size=&#8220;14px&#8220; header_letter_spacing=&#8220;1px&#8220; header_line_height=&#8220;1.8em&#8220; body_font=&#8220;Poppins||||||||&#8220; body_letter_spacing=&#8220;1px&#8220; body_line_height=&#8220;1.8em&#8220; background_color=&#8220;#ffffff&#8220; text_orientation=&#8220;center&#8220; custom_margin=&#8220;|12%|20px|12%&#8220; custom_padding=&#8220;20px|20px|20px|20px&#8220; filter_opacity=&#8220;50%&#8220; animation_style=&#8220;zoom&#8220; animation_direction=&#8220;bottom&#8220; animation_delay=&#8220;100ms&#8220; animation_intensity_zoom=&#8220;30%&#8220; animation=&#8220;off&#8220; hover_enabled=&#8220;0&#8243; border_style_all=&#8220;dashed&#8220; box_shadow_style=&#8220;preset3&#8243; box_shadow_vertical=&#8220;15px&#8220; box_shadow_blur=&#8220;80px&#8220; box_shadow_color=&#8220;rgba(0,0,0,0.2)&#8220; sticky_enabled=&#8220;0&#8243;]<\/p>\n<p>Wir leisten Unterst\u00fctzung bei Finanzierungsfragen und Gespr\u00e4chen mit der Bank.<\/p>\n<p>[\/et_pb_blurb][et_pb_blurb title=&#8220;Wahl der rechtsform&#8220; use_icon=&#8220;on&#8220; font_icon=&#8220;%%126%%&#8220; icon_color=&#8220;#ffffff&#8220; use_circle=&#8220;on&#8220; circle_color=&#8220;#edbb5f&#8220; icon_placement=&#8220;left&#8220; content_max_width=&#8220;1100%&#8220; use_icon_font_size=&#8220;on&#8220; icon_font_size=&#8220;25px&#8220; _builder_version=&#8220;4.7.4&#8243; header_font=&#8220;Poppins|700||on|||||&#8220; header_font_size=&#8220;14px&#8220; header_letter_spacing=&#8220;1px&#8220; header_line_height=&#8220;1.8em&#8220; body_font=&#8220;Poppins||||||||&#8220; body_letter_spacing=&#8220;1px&#8220; body_line_height=&#8220;1.8em&#8220; background_color=&#8220;#ffffff&#8220; text_orientation=&#8220;center&#8220; custom_margin=&#8220;|4%|20px|4%&#8220; custom_padding=&#8220;20px|20px|20px|20px&#8220; filter_opacity=&#8220;80%&#8220; animation_style=&#8220;zoom&#8220; animation_direction=&#8220;bottom&#8220; animation_delay=&#8220;50ms&#8220; animation_intensity_zoom=&#8220;30%&#8220; animation=&#8220;off&#8220; border_style_all=&#8220;dashed&#8220; box_shadow_style=&#8220;preset3&#8243; box_shadow_vertical=&#8220;15px&#8220; box_shadow_blur=&#8220;80px&#8220; box_shadow_color=&#8220;rgba(0,0,0,0.2)&#8220;]<\/p>\n<p>Die Wahl der Rechtsform ist mit vielen steuerlichen, sozialversicherungs- und gewerberechtlichen Fragestellungen verbunden. Wir unterst\u00fctzen Sie\u00a0 bei der Wahl einer geeigeneten Rechtsform.<\/p>\n<p>[\/et_pb_blurb][et_pb_blurb title=&#8220;Business-, Finanz- und Kostenplan&#8220; use_icon=&#8220;on&#8220; font_icon=&#8220;%%160%%&#8220; icon_color=&#8220;#ffffff&#8220; use_circle=&#8220;on&#8220; circle_color=&#8220;#edbb5f&#8220; icon_placement=&#8220;left&#8220; content_max_width=&#8220;800px&#8220; use_icon_font_size=&#8220;on&#8220; icon_font_size=&#8220;25px&#8220; _builder_version=&#8220;4.7.4&#8243; header_font=&#8220;Poppins|700||on|||||&#8220; header_font_size=&#8220;14px&#8220; header_letter_spacing=&#8220;1px&#8220; header_line_height=&#8220;1.8em&#8220; body_font=&#8220;Poppins||||||||&#8220; body_letter_spacing=&#8220;1px&#8220; body_line_height=&#8220;1.8em&#8220; background_color=&#8220;#ffffff&#8220; text_orientation=&#8220;center&#8220; custom_margin=&#8220;30px||30px|&#8220; custom_padding=&#8220;40px|30px|40px|30px&#8220; animation_style=&#8220;zoom&#8220; animation_intensity_zoom=&#8220;30%&#8220; animation=&#8220;off&#8220; border_style_all=&#8220;dashed&#8220; box_shadow_style=&#8220;preset3&#8243; box_shadow_vertical=&#8220;15px&#8220; box_shadow_blur=&#8220;80px&#8220; box_shadow_color=&#8220;rgba(0,0,0,0.2)&#8220;]<\/p>\n<p>Wir pr\u00fcfen Ihre Gesch\u00e4ftsidee auf Umsetzbarkeit und helfen Ihnen bei der Erstellung eines professionellen Businessplans inkl. Finanzplanung, Rentabilit\u00e4tspl\u00e4nen und Kostenplanung.<\/p>\n<p>[\/et_pb_blurb][et_pb_blurb title=&#8220;Sozialversicherungsrecht&#8220; use_icon=&#8220;on&#8220; font_icon=&#8220;%%65%%&#8220; icon_color=&#8220;#ffffff&#8220; use_circle=&#8220;on&#8220; circle_color=&#8220;#edbb5f&#8220; icon_placement=&#8220;left&#8220; content_max_width=&#8220;1100%&#8220; use_icon_font_size=&#8220;on&#8220; icon_font_size=&#8220;25px&#8220; _builder_version=&#8220;4.7.4&#8243; header_font=&#8220;Poppins|700||on|||||&#8220; header_font_size=&#8220;14px&#8220; header_letter_spacing=&#8220;1px&#8220; header_line_height=&#8220;1.8em&#8220; body_font=&#8220;Poppins||||||||&#8220; body_letter_spacing=&#8220;1px&#8220; body_line_height=&#8220;1.8em&#8220; background_color=&#8220;#ffffff&#8220; text_orientation=&#8220;center&#8220; custom_margin=&#8220;|4%|20px|4%&#8220; custom_padding=&#8220;20px|20px|20px|20px&#8220; filter_opacity=&#8220;80%&#8220; animation_style=&#8220;zoom&#8220; animation_direction=&#8220;bottom&#8220; animation_delay=&#8220;50ms&#8220; animation_intensity_zoom=&#8220;30%&#8220; animation=&#8220;off&#8220; border_style_all=&#8220;dashed&#8220; box_shadow_style=&#8220;preset3&#8243; box_shadow_vertical=&#8220;15px&#8220; box_shadow_blur=&#8220;80px&#8220; box_shadow_color=&#8220;rgba(0,0,0,0.2)&#8220;]<\/p>\n<p>Wir beraten Sie in allen sozialversicherungsrechtlichen Fragestellungen.<\/p>\n<p>[\/et_pb_blurb][et_pb_blurb title=&#8220;Konzept &#038; Gesch\u00e4ftsidee&#8220; use_icon=&#8220;on&#8220; font_icon=&#8220;%%276%%&#8220; icon_color=&#8220;#ffffff&#8220; use_circle=&#8220;on&#8220; circle_color=&#8220;#edbb5f&#8220; icon_placement=&#8220;left&#8220; content_max_width=&#8220;1100%&#8220; use_icon_font_size=&#8220;on&#8220; icon_font_size=&#8220;25px&#8220; _builder_version=&#8220;4.7.4&#8243; header_font=&#8220;Poppins|700||on|||||&#8220; header_font_size=&#8220;14px&#8220; header_letter_spacing=&#8220;1px&#8220; header_line_height=&#8220;1.8em&#8220; body_font=&#8220;Poppins||||||||&#8220; body_letter_spacing=&#8220;1px&#8220; body_line_height=&#8220;1.8em&#8220; background_color=&#8220;#ffffff&#8220; text_orientation=&#8220;center&#8220; custom_margin=&#8220;|12%|20px|12%&#8220; custom_padding=&#8220;20px|20px|20px|20px&#8220; filter_opacity=&#8220;50%&#8220; animation_style=&#8220;zoom&#8220; animation_direction=&#8220;bottom&#8220; animation_delay=&#8220;100ms&#8220; animation_intensity_zoom=&#8220;30%&#8220; animation=&#8220;off&#8220; hover_enabled=&#8220;0&#8243; border_style_all=&#8220;dashed&#8220; box_shadow_style=&#8220;preset3&#8243; box_shadow_vertical=&#8220;15px&#8220; box_shadow_blur=&#8220;80px&#8220; box_shadow_color=&#8220;rgba(0,0,0,0.2)&#8220; sticky_enabled=&#8220;0&#8243;]<\/p>\n<p>Wir pr\u00fcfen Ihre Gesch\u00e4ftsidee auf Umsetzbarkeit und erarbeiten gemeinsam mit Ihnen ein tragf\u00e4higes Konzept.<\/p>\n<p>[\/et_pb_blurb][\/et_pb_column][\/et_pb_row][\/et_pb_section][et_pb_section fb_built=&#8220;1&#8243; admin_label=&#8220;Process&#8220; _builder_version=&#8220;3.22&#8243; background_color=&#8220;#2f2f2f&#8220; custom_padding=&#8220;100px|0px|0px|0px&#8220; box_shadow_style=&#8220;preset7&#8243; box_shadow_horizontal=&#8220;0px&#8220; box_shadow_vertical=&#8220;-100px&#8220; box_shadow_color=&#8220;#ffffff&#8220;][et_pb_row _builder_version=&#8220;3.25&#8243;][et_pb_column type=&#8220;4_4&#8243; _builder_version=&#8220;3.25&#8243; custom_padding=&#8220;|||&#8220; custom_padding__hover=&#8220;|||&#8220;][et_pb_text _builder_version=&#8220;3.27.4&#8243; text_font=&#8220;||||||||&#8220; text_font_size=&#8220;16px&#8220; text_line_height=&#8220;1.9em&#8220; header_font=&#8220;||||||||&#8220; header_text_color=&#8220;#ffffff&#8220; header_2_font=&#8220;Playfair Display|700|||||||&#8220; header_2_font_size=&#8220;40px&#8220; header_2_line_height=&#8220;1.5em&#8220; header_6_font=&#8220;||||||||&#8220; text_orientation=&#8220;center&#8220; max_width=&#8220;600px&#8220; max_width_last_edited=&#8220;off|desktop&#8220; module_alignment=&#8220;center&#8220; custom_margin=&#8220;|||&#8220; custom_padding=&#8220;|||&#8220; header_2_font_size_tablet=&#8220;30px&#8220; header_2_font_size_phone=&#8220;24px&#8220; header_2_font_size_last_edited=&#8220;on|phone&#8220; locked=&#8220;off&#8220;]<\/p>\n<h2><span color=\"#ffffff\" style=\"color: #ffffff;\">Erfahre mehr \u00fcber weitere Dienstleistungen<\/span><\/h2>\n<p>[\/et_pb_text][\/et_pb_column][\/et_pb_row][et_pb_row _builder_version=&#8220;3.25&#8243; custom_padding=&#8220;27px|0px|27px|0px&#8220; locked=&#8220;off&#8220;][et_pb_column type=&#8220;4_4&#8243; _builder_version=&#8220;3.25&#8243; custom_padding=&#8220;|||&#8220; custom_padding__hover=&#8220;|||&#8220;][et_pb_divider color=&#8220;#edbb5f&#8220; divider_weight=&#8220;2px&#8220; _builder_version=&#8220;3.2&#8243; max_width=&#8220;60px&#8220; module_alignment=&#8220;center&#8220; height=&#8220;2px&#8220; locked=&#8220;off&#8220;][\/et_pb_divider][\/et_pb_column][\/et_pb_row][et_pb_row column_structure=&#8220;1_3,1_3,1_3&#8243; use_custom_gutter=&#8220;on&#8220; gutter_width=&#8220;1&#8243; custom_padding_last_edited=&#8220;off|desktop&#8220; _builder_version=&#8220;3.25&#8243; background_color=&#8220;#e1e2e8&#8243; module_alignment=&#8220;center&#8220; custom_margin=&#8220;20px||20px||true&#8220; custom_padding=&#8220;0px||0px||true&#8220; custom_padding_phone=&#8220;10px||10px||true&#8220; animation_style=&#8220;slide&#8220; animation_direction=&#8220;right&#8220; animation_intensity_slide=&#8220;1%&#8220; box_shadow_style=&#8220;preset3&#8243; box_shadow_vertical=&#8220;100px&#8220; box_shadow_blur=&#8220;100px&#8220; box_shadow_spread=&#8220;-60px&#8220; locked=&#8220;off&#8220;][et_pb_column type=&#8220;1_3&#8243; _builder_version=&#8220;3.25&#8243; custom_padding=&#8220;|||&#8220; custom_padding__hover=&#8220;|||&#8220;][et_pb_blurb title=&#8220;Steuerberatung&#8220; url=&#8220;@ET-DC@eyJkeW5hbWljIjp0cnVlLCJjb250ZW50IjoicG9zdF9saW5rX3VybF9wYWdlIiwic2V0dGluZ3MiOnsicG9zdF9pZCI6IjM2NiJ9fQ==@&#8220; use_icon=&#8220;on&#8220; font_icon=&#8220;%%101%%&#8220; icon_color=&#8220;rgba(0,21,76,0.3)&#8220; use_icon_font_size=&#8220;on&#8220; icon_font_size=&#8220;32px&#8220; _builder_version=&#8220;4.7.4&#8243; _dynamic_attributes=&#8220;link_option_url,url&#8220; header_font=&#8220;Lato|700|||||||&#8220; header_text_color=&#8220;#3550a0&#8243; header_line_height=&#8220;1.5em&#8220; background_color=&#8220;#ffffff&#8220; text_orientation=&#8220;center&#8220; custom_padding=&#8220;40px|20px|40px|20px|true|true&#8220; custom_padding_tablet=&#8220;&#8220; custom_padding_phone=&#8220;20px||20px||true&#8220; custom_padding_last_edited=&#8220;on|phone&#8220; animation_direction=&#8220;right&#8220; animation=&#8220;off&#8220; link_option_url=&#8220;@ET-DC@eyJkeW5hbWljIjp0cnVlLCJjb250ZW50IjoicG9zdF9saW5rX3VybF9wYWdlIiwic2V0dGluZ3MiOnsicG9zdF9pZCI6IjM2NiJ9fQ==@&#8220;][\/et_pb_blurb][et_pb_blurb title=&#8220;Jahresabschluss&#8220; url=&#8220;@ET-DC@eyJkeW5hbWljIjp0cnVlLCJjb250ZW50IjoicG9zdF9saW5rX3VybF9wYWdlIiwic2V0dGluZ3MiOnsicG9zdF9pZCI6IjQyMiJ9fQ==@&#8220; use_icon=&#8220;on&#8220; font_icon=&#8220;%%157%%&#8220; icon_color=&#8220;rgba(0,21,76,0.3)&#8220; use_icon_font_size=&#8220;on&#8220; icon_font_size=&#8220;32px&#8220; _builder_version=&#8220;4.7.4&#8243; _dynamic_attributes=&#8220;url&#8220; header_font=&#8220;Lato|700|||||||&#8220; header_text_color=&#8220;#3550a0&#8243; header_line_height=&#8220;1.5em&#8220; background_color=&#8220;#f9fafc&#8220; text_orientation=&#8220;center&#8220; custom_padding=&#8220;40px|20px|40px|20px|true|true&#8220; custom_padding_tablet=&#8220;&#8220; custom_padding_phone=&#8220;20px||20px||true&#8220; custom_padding_last_edited=&#8220;on|phone&#8220; animation=&#8220;off&#8220; locked=&#8220;off&#8220;][\/et_pb_blurb][\/et_pb_column][et_pb_column type=&#8220;1_3&#8243; _builder_version=&#8220;3.25&#8243; custom_padding=&#8220;|||&#8220; custom_padding__hover=&#8220;|||&#8220;][et_pb_blurb title=&#8220;Finanzbuchhaltung&#8220; url=&#8220;@ET-DC@eyJkeW5hbWljIjp0cnVlLCJjb250ZW50IjoicG9zdF9saW5rX3VybF9wYWdlIiwic2V0dGluZ3MiOnsicG9zdF9pZCI6IjM5NyJ9fQ==@&#8220; use_icon=&#8220;on&#8220; font_icon=&#8220;%%124%%&#8220; icon_color=&#8220;rgba(0,21,76,0.3)&#8220; use_icon_font_size=&#8220;on&#8220; icon_font_size=&#8220;32px&#8220; _builder_version=&#8220;4.7.4&#8243; _dynamic_attributes=&#8220;link_option_url,url&#8220; header_font=&#8220;Lato|700|||||||&#8220; header_text_color=&#8220;#3550a0&#8243; header_line_height=&#8220;1.5em&#8220; background_color=&#8220;#f9fafc&#8220; text_orientation=&#8220;center&#8220; custom_padding=&#8220;40px|20px|40px|20px|true|true&#8220; custom_padding_tablet=&#8220;&#8220; custom_padding_phone=&#8220;20px||20px||true&#8220; custom_padding_last_edited=&#8220;on|phone&#8220; animation=&#8220;off&#8220; link_option_url=&#8220;@ET-DC@eyJkeW5hbWljIjp0cnVlLCJjb250ZW50IjoicG9zdF9saW5rX3VybF9wYWdlIiwic2V0dGluZ3MiOnsicG9zdF9pZCI6IjM2NiJ9fQ==@&#8220;][\/et_pb_blurb][et_pb_blurb title=&#8220;Gr\u00fcndungsberatung&#8220; url=&#8220;@ET-DC@eyJkeW5hbWljIjp0cnVlLCJjb250ZW50IjoicG9zdF9saW5rX3VybF9wYWdlIiwic2V0dGluZ3MiOnsicG9zdF9pZCI6IjQzMiJ9fQ==@&#8220; use_icon=&#8220;on&#8220; font_icon=&#8220;%%166%%&#8220; icon_color=&#8220;rgba(0,21,76,0.3)&#8220; use_icon_font_size=&#8220;on&#8220; icon_font_size=&#8220;32px&#8220; _builder_version=&#8220;4.7.4&#8243; _dynamic_attributes=&#8220;url&#8220; header_font=&#8220;Lato|700|||||||&#8220; header_text_color=&#8220;#3550a0&#8243; header_line_height=&#8220;1.5em&#8220; background_color=&#8220;#f2f3f7&#8243; text_orientation=&#8220;center&#8220; custom_padding=&#8220;40px|20px|40px|20px|true|true&#8220; custom_padding_tablet=&#8220;&#8220; custom_padding_phone=&#8220;20px||20px||true&#8220; custom_padding_last_edited=&#8220;on|phone&#8220; animation=&#8220;off&#8220; locked=&#8220;off&#8220;][\/et_pb_blurb][\/et_pb_column][et_pb_column type=&#8220;1_3&#8243; _builder_version=&#8220;3.25&#8243; custom_padding=&#8220;|||&#8220; custom_padding__hover=&#8220;|||&#8220;][et_pb_blurb title=&#8220;Nachfolgeberatung&#8220; url=&#8220;@ET-DC@eyJkeW5hbWljIjp0cnVlLCJjb250ZW50IjoicG9zdF9saW5rX3VybF9wYWdlIiwic2V0dGluZ3MiOnsicG9zdF9pZCI6IjQxNSJ9fQ==@&#8220; use_icon=&#8220;on&#8220; font_icon=&#8220;%%52%%&#8220; icon_color=&#8220;rgba(0,21,76,0.3)&#8220; use_icon_font_size=&#8220;on&#8220; icon_font_size=&#8220;32px&#8220; _builder_version=&#8220;4.7.4&#8243; _dynamic_attributes=&#8220;url&#8220; header_font=&#8220;Lato|700|||||||&#8220; header_text_color=&#8220;#3550a0&#8243; header_line_height=&#8220;1.5em&#8220; background_color=&#8220;#f2f3f7&#8243; text_orientation=&#8220;center&#8220; custom_padding=&#8220;40px|20px|40px|20px|true|true&#8220; custom_padding_tablet=&#8220;&#8220; custom_padding_phone=&#8220;20px||20px||true&#8220; custom_padding_last_edited=&#8220;on|phone&#8220; animation=&#8220;off&#8220;][\/et_pb_blurb][et_pb_blurb title=&#8220;Lohnbuchhaltung&#8220; url=&#8220;@ET-DC@eyJkeW5hbWljIjp0cnVlLCJjb250ZW50IjoicG9zdF9saW5rX3VybF9wYWdlIiwic2V0dGluZ3MiOnsicG9zdF9pZCI6IjQ0MyJ9fQ==@&#8220; use_icon=&#8220;on&#8220; font_icon=&#8220;%%103%%&#8220; icon_color=&#8220;rgba(0,21,76,0.3)&#8220; use_icon_font_size=&#8220;on&#8220; icon_font_size=&#8220;32px&#8220; _builder_version=&#8220;4.7.4&#8243; _dynamic_attributes=&#8220;url&#8220; header_font=&#8220;Lato|700|||||||&#8220; header_text_color=&#8220;#3550a0&#8243; header_line_height=&#8220;1.5em&#8220; background_color=&#8220;#e9ebf1&#8243; text_orientation=&#8220;center&#8220; custom_padding=&#8220;40px|20px|40px|20px|true|true&#8220; custom_padding_tablet=&#8220;&#8220; custom_padding_phone=&#8220;20px||20px||true&#8220; custom_padding_last_edited=&#8220;on|phone&#8220; animation=&#8220;off&#8220; locked=&#8220;off&#8220;][\/et_pb_blurb][\/et_pb_column][\/et_pb_row][et_pb_row _builder_version=&#8220;4.7.4&#8243; _module_preset=&#8220;default&#8220;][et_pb_column type=&#8220;4_4&#8243; _builder_version=&#8220;4.7.4&#8243; _module_preset=&#8220;default&#8220;][et_pb_image src=&#8220;https:\/\/www.muennich-coll.de\/wp-content\/uploads\/2021\/01\/business-coach-0037.jpg&#8220; title_text=&#8220;business-coach-0037&#8243; align=&#8220;center&#8220; _builder_version=&#8220;4.7.4&#8243; _module_preset=&#8220;default&#8220;][\/et_pb_image][\/et_pb_column][\/et_pb_row][\/et_pb_section][et_pb_section fb_built=&#8220;1&#8243; _builder_version=&#8220;4.7.4&#8243; _module_preset=&#8220;default&#8220;][\/et_pb_section]<\/p>\n","protected":false},"excerpt":{"rendered":"<p>[et_pb_section fb_built=&#8220;1&#8243; fullwidth=&#8220;on&#8220; admin_label=&#8220;Hero Section&#8220; _builder_version=&#8220;3.22&#8243;][et_pb_fullwidth_header title=&#8220;Unsere Dienstleistungen&#8220; subhead=&#8220;Gr\u00fcndungsberatung&#8220; background_overlay_color=&#8220;rgba(0,0,0,0.8)&#8220; content_max_width=&#8220;550px&#8220; _builder_version=&#8220;4.7.4&#8243; title_font=&#8220;Poppins|700||on|||||&#8220; title_text_color=&#8220;#edbb5f&#8220; title_font_size=&#8220;14px&#8220; title_letter_spacing=&#8220;2px&#8220; title_line_height=&#8220;1.4em&#8220; content_font=&#8220;Poppins||||||||&#8220; content_font_size=&#8220;16px&#8220; content_letter_spacing=&#8220;1px&#8220; content_line_height=&#8220;2em&#8220; subhead_font=&#8220;Playfair Display|700||on|||||&#8220; subhead_font_size=&#8220;48px&#8220; subhead_letter_spacing=&#8220;3px&#8220; subhead_line_height=&#8220;1.4em&#8220; background_color=&#8220;rgba(255, 255, 255, 0)&#8220; background_image=&#8220;https:\/\/www.muennich-coll.de\/wp-content\/uploads\/2021\/01\/austin-distel-rxpThOwuVgE-unsplash-1.jpg&#8220; parallax=&#8220;on&#8220; parallax_method=&#8220;on&#8220; custom_button_one=&#8220;on&#8220; button_one_border_width=&#8220;1px&#8220; button_one_border_color=&#8220;rgba(255,255,255,0.3)&#8220; button_one_border_radius=&#8220;0px&#8220; button_one_letter_spacing=&#8220;1px&#8220; button_one_font=&#8220;Saira Extra Condensed|600||on|||||&#8220; button_one_icon=&#8220;%%3%%&#8220; button_one_icon_color=&#8220;#edbb5f&#8220; custom_button_two=&#8220;on&#8220; button_two_border_width=&#8220;1px&#8220; button_two_border_color=&#8220;rgba(255,255,255,0.3)&#8220; button_two_border_radius=&#8220;0px&#8220; button_two_letter_spacing=&#8220;1px&#8220; button_two_font=&#8220;Saira Extra Condensed|600||on|||||&#8220; button_two_icon=&#8220;%%3%%&#8220; button_two_icon_color=&#8220;#edbb5f&#8220; module_alignment=&#8220;right&#8220; custom_margin=&#8220;|||&#8220; [&hellip;]<\/p>\n","protected":false},"author":1,"featured_media":0,"parent":0,"menu_order":0,"comment_status":"closed","ping_status":"closed","template":"","meta":{"_et_pb_use_builder":"on","_et_pb_old_content":"","_et_gb_content_width":"","footnotes":""},"class_list":["post-432","page","type-page","status-publish","hentry"],"_links":{"self":[{"href":"https:\/\/www.muennich-coll.de\/index.php\/wp-json\/wp\/v2\/pages\/432","targetHints":{"allow":["GET"]}}],"collection":[{"href":"https:\/\/www.muennich-coll.de\/index.php\/wp-json\/wp\/v2\/pages"}],"about":[{"href":"https:\/\/www.muennich-coll.de\/index.php\/wp-json\/wp\/v2\/types\/page"}],"author":[{"embeddable":true,"href":"https:\/\/www.muennich-coll.de\/index.php\/wp-json\/wp\/v2\/users\/1"}],"replies":[{"embeddable":true,"href":"https:\/\/www.muennich-coll.de\/index.php\/wp-json\/wp\/v2\/comments?post=432"}],"version-history":[{"count":9,"href":"https:\/\/www.muennich-coll.de\/index.php\/wp-json\/wp\/v2\/pages\/432\/revisions"}],"predecessor-version":[{"id":661,"href":"https:\/\/www.muennich-coll.de\/index.php\/wp-json\/wp\/v2\/pages\/432\/revisions\/661"}],"wp:attachment":[{"href":"https:\/\/www.muennich-coll.de\/index.php\/wp-json\/wp\/v2\/media?parent=432"}],"curies":[{"name":"wp","href":"https:\/\/api.w.org\/{rel}","templated":true}]}}