{"id":552,"date":"2021-01-13T21:24:07","date_gmt":"2021-01-13T20:24:07","guid":{"rendered":"https:\/\/www.muennich-coll.de\/?page_id=552"},"modified":"2021-01-15T09:57:31","modified_gmt":"2021-01-15T08:57:31","slug":"schueler","status":"publish","type":"page","link":"https:\/\/www.muennich-coll.de\/index.php\/schueler\/","title":{"rendered":"Sch\u00fcler"},"content":{"rendered":"<p>[et_pb_section fb_built=&#8220;1&#8243; fullwidth=&#8220;on&#8220; admin_label=&#8220;Hero Section&#8220; _builder_version=&#8220;4.7.4&#8243; background_image=&#8220;https:\/\/www.muennich-coll.de\/wp-content\/uploads\/2021\/01\/shutterstock_1388879873-klein-scaled.jpg&#8220;][et_pb_fullwidth_header subhead=&#8220;Sch\u00fcler&#8220; background_overlay_color=&#8220;rgba(0,0,0,0.8)&#8220; content_max_width=&#8220;750px&#8220; _builder_version=&#8220;4.7.4&#8243; title_font=&#8220;Poppins|700||on|||||&#8220; title_text_color=&#8220;#edbb5f&#8220; title_font_size=&#8220;14px&#8220; title_letter_spacing=&#8220;2px&#8220; title_line_height=&#8220;1.4em&#8220; content_font=&#8220;Poppins||||||||&#8220; content_font_size=&#8220;16px&#8220; content_letter_spacing=&#8220;1px&#8220; content_line_height=&#8220;2em&#8220; subhead_font=&#8220;Playfair Display|700||on|||||&#8220; subhead_font_size=&#8220;48px&#8220; subhead_letter_spacing=&#8220;3px&#8220; subhead_line_height=&#8220;1.4em&#8220; background_color=&#8220;rgba(255, 255, 255, 0)&#8220; background_image=&#8220;https:\/\/www.muennich-coll.de\/wp-content\/uploads\/2021\/01\/shutterstock_1388879873-klein-scaled.jpg&#8220; custom_button_one=&#8220;on&#8220; button_one_border_width=&#8220;1px&#8220; button_one_border_color=&#8220;rgba(255,255,255,0.3)&#8220; button_one_border_radius=&#8220;0px&#8220; button_one_letter_spacing=&#8220;1px&#8220; button_one_font=&#8220;Saira Extra Condensed|600||on|||||&#8220; button_one_icon=&#8220;%%3%%&#8220; button_one_icon_color=&#8220;#edbb5f&#8220; custom_button_two=&#8220;on&#8220; button_two_border_width=&#8220;1px&#8220; button_two_border_color=&#8220;rgba(255,255,255,0.3)&#8220; button_two_border_radius=&#8220;0px&#8220; button_two_letter_spacing=&#8220;1px&#8220; button_two_font=&#8220;Saira Extra Condensed|600||on|||||&#8220; button_two_icon=&#8220;%%3%%&#8220; button_two_icon_color=&#8220;#edbb5f&#8220; module_alignment=&#8220;right&#8220; min_height=&#8220;500px&#8220; custom_margin=&#8220;|||&#8220; custom_padding=&#8220;8%||8%|&#8220; button_one_text_color_hover=&#8220;#edbb5f&#8220; button_two_text_color_hover=&#8220;#edbb5f&#8220; button_one_bg_color_hover=&#8220;rgba(0,0,0,0)&#8220; button_two_bg_color_hover=&#8220;rgba(0,0,0,0)&#8220; button_one_text_size__hover_enabled=&#8220;off&#8220; button_two_text_size__hover_enabled=&#8220;off&#8220; button_one_text_color__hover_enabled=&#8220;on&#8220; button_one_text_color__hover=&#8220;#edbb5f&#8220; button_two_text_color__hover_enabled=&#8220;on&#8220; button_two_text_color__hover=&#8220;#edbb5f&#8220; button_one_border_width__hover_enabled=&#8220;off&#8220; button_two_border_width__hover_enabled=&#8220;off&#8220; button_one_border_color__hover_enabled=&#8220;off&#8220; button_two_border_color__hover_enabled=&#8220;off&#8220; button_one_border_radius__hover_enabled=&#8220;off&#8220; button_two_border_radius__hover_enabled=&#8220;off&#8220; button_one_letter_spacing__hover_enabled=&#8220;off&#8220; button_two_letter_spacing__hover_enabled=&#8220;off&#8220; button_one_bg_color__hover_enabled=&#8220;on&#8220; button_one_bg_color__hover=&#8220;rgba(0,0,0,0)&#8220; button_two_bg_color__hover_enabled=&#8220;on&#8220; button_two_bg_color__hover=&#8220;rgba(0,0,0,0)&#8220;]<\/p>\n<p>&nbsp;<\/p>\n<p>&nbsp;<\/p>\n<p>[\/et_pb_fullwidth_header][\/et_pb_section][et_pb_section fb_built=&#8220;1&#8243; _builder_version=&#8220;4.7.4&#8243; _module_preset=&#8220;default&#8220; custom_padding=&#8220;51px|||||&#8220;][et_pb_row _builder_version=&#8220;4.7.4&#8243; _module_preset=&#8220;default&#8220; width=&#8220;90%&#8220; max_width=&#8220;941px&#8220;][et_pb_column type=&#8220;4_4&#8243; _builder_version=&#8220;4.7.4&#8243; _module_preset=&#8220;default&#8220;][et_pb_text _builder_version=&#8220;4.7.4&#8243; text_font=&#8220;||||||||&#8220; header_font=&#8220;||||||||&#8220; header_2_font=&#8220;Playfair Display|700|||||||&#8220; header_2_font_size=&#8220;38px&#8220; header_2_letter_spacing=&#8220;1px&#8220; header_2_line_height=&#8220;1.4em&#8220; header_3_font=&#8220;Poppins|700||on|||||&#8220; header_3_text_color=&#8220;#edbb5f&#8220; header_3_font_size=&#8220;14px&#8220; header_3_letter_spacing=&#8220;1px&#8220; header_3_line_height=&#8220;2em&#8220; text_orientation=&#8220;center&#8220; width=&#8220;100%&#8220; max_width=&#8220;750px&#8220; module_alignment=&#8220;center&#8220; locked=&#8220;off&#8220;]<\/p>\n<h3>sie sind Sch\u00fcler und auf der suche nach einem job mit zukunft?<\/h3>\n<h2>Wir bilden aus zum Steuerfachangestellten (m\/w\/d) oder Duales Studium Steuern und Recht<\/h2>\n<p>[\/et_pb_text][et_pb_divider color=&#8220;#edbb5f&#8220; divider_weight=&#8220;2px&#8220; _builder_version=&#8220;3.2&#8243; max_width=&#8220;60px&#8220; module_alignment=&#8220;center&#8220; height=&#8220;2px&#8220; locked=&#8220;off&#8220;][\/et_pb_divider][et_pb_text _builder_version=&#8220;4.7.4&#8243; _module_preset=&#8220;default&#8220; text_font=&#8220;Poppins||||||||&#8220; text_text_color=&#8220;#000000&#8243; text_font_size=&#8220;16px&#8220;]<\/p>\n<p style=\"text-align: center;\"><span style=\"color: #edbb5f;\"><strong>Was Sie erwartet<\/strong><\/span><\/p>\n<p style=\"text-align: center;\"><span><\/span><\/p>\n<ul>\n<li style=\"text-align: left;\">Ein spannendes und vielseitiges Aufgabenfeld<\/li>\n<li style=\"text-align: left;\">Enge Verzahnung von Theorie und Praxis<\/li>\n<li style=\"text-align: left;\">Betreuung und Beratung von Mandanten<\/li>\n<li style=\"text-align: left;\">Bearbeitung und Erledigung der Buchf\u00fchrung von Mandanten\u00a0<\/li>\n<li style=\"text-align: left;\">Erstellung von Lohn- und Gehaltsabrechnungen\u00a0<\/li>\n<li style=\"text-align: left;\">Erstellung von betriebswirtschaftlichen Auswertungen und Jahresabschl\u00fcsse<\/li>\n<li style=\"text-align: left;\"><span style=\"font-size: 16px;\">\u00dcbernahme von kaufm\u00e4nnischen und organisatorischen Aufgaben<\/span><\/li>\n<\/ul>\n<p style=\"text-align: center;\"><span style=\"font-size: 16px;\"><\/span><\/p>\n<p style=\"text-align: center;\"><strong><\/strong><\/p>\n<p style=\"text-align: center;\">\n<p style=\"text-align: center;\"><span><\/span><\/p>\n<p style=\"text-align: center;\"><span style=\"color: #edbb5f;\"><strong>Was Sie mitbringen sollten<\/strong><\/span><span><\/span><\/p>\n<ul>\n<li style=\"text-align: left;\">Fachhochschulreife oder Abitur<strong><\/strong><\/li>\n<li style=\"text-align: left;\">Interesse an wirtschaftlichen Zusammenh\u00e4ngen sowie an steuerlichen und rechtlichen Fragestellungen<\/li>\n<li style=\"text-align: left;\">Zahlenverst\u00e4ndnis\u00a0<\/li>\n<li style=\"text-align: left;\">Spa\u00df am Umgang mit Menschen\u00a0<\/li>\n<li style=\"text-align: left;\">Analytisches Denkverm\u00f6gen\u00a0<\/li>\n<li style=\"text-align: left;\">Teamf\u00e4higkeit<\/li>\n<\/ul>\n<p style=\"text-align: center;\">\n<p style=\"text-align: center;\">\n<p style=\"text-align: center;\">\n<p style=\"text-align: center;\">\n<p style=\"text-align: center;\"><strong><\/strong><\/p>\n<p style=\"text-align: center;\"><strong><\/strong><\/p>\n<p style=\"text-align: center;\"><span><\/span><\/p>\n<p>[\/et_pb_text][\/et_pb_column][\/et_pb_row][et_pb_row _builder_version=&#8220;4.7.4&#8243; _module_preset=&#8220;default&#8220; background_color=&#8220;#3d3d3d&#8220;][et_pb_column type=&#8220;4_4&#8243; _builder_version=&#8220;4.7.4&#8243; _module_preset=&#8220;default&#8220;][et_pb_cta title=&#8220;Interesse?&#8220; button_text=&#8220;Jetzt Bewerben&#8220; _builder_version=&#8220;4.7.4&#8243; _module_preset=&#8220;default&#8220; header_font_size=&#8220;35px&#8220;]<\/p>\n<p>Dann bewerben Sie sich jetzt auf einen Ausbildungsplatz oder das Duale Studium!<\/p>\n<p>&nbsp;<\/p>\n<p><strong><span style=\"color: #e09900;\">Bewerbung an mc@muennich-coll.de<\/span><\/strong><\/p>\n<p>[\/et_pb_cta][\/et_pb_column][\/et_pb_row][\/et_pb_section][et_pb_section fb_built=&#8220;1&#8243; admin_label=&#8220;Process&#8220; _builder_version=&#8220;3.22&#8243; background_color=&#8220;#2f2f2f&#8220; custom_padding=&#8220;100px|0px|0px|0px&#8220; box_shadow_style=&#8220;preset7&#8243; box_shadow_horizontal=&#8220;0px&#8220; box_shadow_vertical=&#8220;-100px&#8220; box_shadow_color=&#8220;#ffffff&#8220;][et_pb_row _builder_version=&#8220;3.25&#8243; custom_padding=&#8220;27px|0px|27px|0px&#8220; locked=&#8220;off&#8220;][et_pb_column type=&#8220;4_4&#8243; _builder_version=&#8220;3.25&#8243; custom_padding=&#8220;|||&#8220; custom_padding__hover=&#8220;|||&#8220;][et_pb_text _builder_version=&#8220;3.27.4&#8243; text_font=&#8220;||||||||&#8220; header_font=&#8220;||||||||&#8220; header_2_font=&#8220;Playfair Display|700|||||||&#8220; header_2_font_size=&#8220;38px&#8220; header_2_letter_spacing=&#8220;1px&#8220; header_2_line_height=&#8220;1.4em&#8220; header_3_font=&#8220;Poppins|700||on|||||&#8220; header_3_text_color=&#8220;#edbb5f&#8220; header_3_font_size=&#8220;14px&#8220; header_3_letter_spacing=&#8220;1px&#8220; header_3_line_height=&#8220;2em&#8220; text_orientation=&#8220;center&#8220; background_layout=&#8220;dark&#8220; max_width=&#8220;700px&#8220; module_alignment=&#8220;center&#8220; locked=&#8220;off&#8220;]<\/p>\n<h3>UNSERE KULTUR<\/h3>\n<h2>UNSERE WERTE<\/h2>\n<p>[\/et_pb_text][et_pb_divider color=&#8220;#edbb5f&#8220; divider_weight=&#8220;2px&#8220; _builder_version=&#8220;3.2&#8243; max_width=&#8220;60px&#8220; module_alignment=&#8220;center&#8220; height=&#8220;2px&#8220; locked=&#8220;off&#8220;][\/et_pb_divider][\/et_pb_column][\/et_pb_row][et_pb_row column_structure=&#8220;1_3,1_3,1_3&#8243; _builder_version=&#8220;3.25&#8243; custom_margin=&#8220;|||&#8220; custom_padding=&#8220;|||&#8220;][et_pb_column type=&#8220;1_3&#8243; _builder_version=&#8220;3.25&#8243; custom_padding=&#8220;|||&#8220; custom_padding_tablet=&#8220;20%|10%|6%|10%&#8220; custom_padding_phone=&#8220;&#8220; custom_padding_last_edited=&#8220;on|phone&#8220; padding_tablet=&#8220;20%|10%|6%|10%&#8220; padding_last_edited=&#8220;on|phone&#8220; custom_padding__hover=&#8220;|||&#8220;][et_pb_blurb title=&#8220;REGIONALIT\u00c4T&#8220; use_icon=&#8220;on&#8220; font_icon=&#8220;%%102%%&#8220; icon_color=&#8220;#ffffff&#8220; use_circle=&#8220;on&#8220; circle_color=&#8220;#edbb5f&#8220; content_max_width=&#8220;800px&#8220; use_icon_font_size=&#8220;on&#8220; icon_font_size=&#8220;32px&#8220; _builder_version=&#8220;4.7.4&#8243; header_font=&#8220;Poppins|700||on|||||&#8220; header_text_color=&#8220;#e09900&#8243; header_font_size=&#8220;14px&#8220; header_letter_spacing=&#8220;1px&#8220; header_line_height=&#8220;1.8em&#8220; body_font=&#8220;Poppins||||||||&#8220; body_letter_spacing=&#8220;1px&#8220; body_line_height=&#8220;1.8em&#8220; background_color=&#8220;#ffffff&#8220; text_orientation=&#8220;center&#8220; height=&#8220;450px&#8220; custom_margin=&#8220;40px|||&#8220; custom_padding=&#8220;60px|30px|60px|30px&#8220; animation_style=&#8220;slide&#8220; animation_direction=&#8220;top&#8220; animation_intensity_slide=&#8220;10%&#8220; animation=&#8220;off&#8220; border_style_all=&#8220;dashed&#8220; box_shadow_style=&#8220;preset3&#8243; box_shadow_vertical=&#8220;15px&#8220; box_shadow_blur=&#8220;80px&#8220; box_shadow_color=&#8220;rgba(0,0,0,0.2)&#8220; locked=&#8220;off&#8220;]<\/p>\n<p><span style=\"color: #000000;\">Unsere Kunden sind gr\u00f6\u00dftenteils in der Region Norddeutschland verwurzelt. Hier profitieren Sie von wenig beruflicher Reisezeit, kurzen Dienstwegen und einem gro\u00dfen Netzwerk in der Region.<\/span><\/p>\n<p><span style=\"color: #000000;\"><\/span><\/p>\n<p>[\/et_pb_blurb][\/et_pb_column][et_pb_column type=&#8220;1_3&#8243; _builder_version=&#8220;3.25&#8243; custom_padding=&#8220;|||&#8220; custom_padding_tablet=&#8220;20%|10%|6%|10%&#8220; custom_padding_phone=&#8220;&#8220; custom_padding_last_edited=&#8220;on|desktop&#8220; padding_tablet=&#8220;20%|10%|6%|10%&#8220; padding_last_edited=&#8220;on|desktop&#8220; custom_padding__hover=&#8220;|||&#8220;][et_pb_blurb title=&#8220;INDIVIDUALIT\u00c4T&#8220; use_icon=&#8220;on&#8220; font_icon=&#8220;%%171%%&#8220; icon_color=&#8220;#ffffff&#8220; use_circle=&#8220;on&#8220; circle_color=&#8220;#edbb5f&#8220; content_max_width=&#8220;800px&#8220; use_icon_font_size=&#8220;on&#8220; icon_font_size=&#8220;32px&#8220; _builder_version=&#8220;4.7.4&#8243; header_font=&#8220;Poppins|700||on|||||&#8220; header_text_color=&#8220;#e09900&#8243; header_font_size=&#8220;14px&#8220; header_letter_spacing=&#8220;1px&#8220; header_line_height=&#8220;1.8em&#8220; body_font=&#8220;Poppins||||||||&#8220; body_letter_spacing=&#8220;1px&#8220; body_line_height=&#8220;1.8em&#8220; background_color=&#8220;#ffffff&#8220; text_orientation=&#8220;center&#8220; height=&#8220;450px&#8220; custom_margin=&#8220;40px|||&#8220; custom_padding=&#8220;60px|30px|60px|30px&#8220; animation_style=&#8220;slide&#8220; animation_direction=&#8220;top&#8220; animation_intensity_slide=&#8220;10%&#8220; animation=&#8220;off&#8220; border_style_all=&#8220;dashed&#8220; box_shadow_style=&#8220;preset3&#8243; box_shadow_vertical=&#8220;15px&#8220; box_shadow_blur=&#8220;80px&#8220; box_shadow_color=&#8220;rgba(0,0,0,0.2)&#8220; locked=&#8220;off&#8220;]<\/p>\n<p><span style=\"color: #000000;\">Ganz gleich ob Big Player, Familienunternehmen oder Start-up &#8211; wir \u00fcberzeugen unsere Mandanten verl\u00e4sslich mit\u00a0individuellen und flexiblen L\u00f6sungen.<\/span><\/p>\n<p><span style=\"color: #000000;\"><\/span><\/p>\n<p><span style=\"color: #000000;\"><\/span><\/p>\n<p>[\/et_pb_blurb][\/et_pb_column][et_pb_column type=&#8220;1_3&#8243; _builder_version=&#8220;3.25&#8243; custom_padding=&#8220;|||&#8220; custom_padding_tablet=&#8220;20%|10%|6%|10%&#8220; custom_padding_phone=&#8220;&#8220; custom_padding_last_edited=&#8220;on|desktop&#8220; padding_tablet=&#8220;20%|10%|6%|10%&#8220; padding_last_edited=&#8220;on|desktop&#8220; custom_padding__hover=&#8220;|||&#8220;][et_pb_blurb title=&#8220;KONTINUIT\u00c4T&#8220; use_icon=&#8220;on&#8220; font_icon=&#8220;%%135%%&#8220; icon_color=&#8220;#ffffff&#8220; use_circle=&#8220;on&#8220; circle_color=&#8220;#edbb5f&#8220; content_max_width=&#8220;800px&#8220; use_icon_font_size=&#8220;on&#8220; icon_font_size=&#8220;32px&#8220; _builder_version=&#8220;4.7.4&#8243; header_font=&#8220;Poppins|700||on|||||&#8220; header_text_color=&#8220;#e09900&#8243; header_font_size=&#8220;14px&#8220; header_letter_spacing=&#8220;1px&#8220; header_line_height=&#8220;1.8em&#8220; body_font=&#8220;Poppins||||||||&#8220; body_letter_spacing=&#8220;1px&#8220; body_line_height=&#8220;1.8em&#8220; background_color=&#8220;#ffffff&#8220; text_orientation=&#8220;center&#8220; height=&#8220;450px&#8220; custom_margin=&#8220;40px|||&#8220; custom_padding=&#8220;60px|30px|60px|30px&#8220; animation_style=&#8220;slide&#8220; animation_direction=&#8220;top&#8220; animation_intensity_slide=&#8220;10%&#8220; animation=&#8220;off&#8220; border_style_all=&#8220;dashed&#8220; box_shadow_style=&#8220;preset3&#8243; box_shadow_vertical=&#8220;15px&#8220; box_shadow_blur=&#8220;80px&#8220; box_shadow_color=&#8220;rgba(0,0,0,0.2)&#8220; locked=&#8220;off&#8220;]<\/p>\n<p><span style=\"color: #000000;\">Wir legen Wert auf eine langfristige Zusammenarbeit sowohl mit unseren Mandanten als auch unseren Mitarbeitern. Hierdurch schaffen wir die Basis f\u00fcr eine vertrauensvolle Beziehung, die w\u00e4chst und bleibt.\u00a0<\/span><\/p>\n<p>[\/et_pb_blurb][\/et_pb_column][\/et_pb_row][et_pb_row _builder_version=&#8220;4.7.4&#8243; _module_preset=&#8220;default&#8220;][et_pb_column type=&#8220;4_4&#8243; _builder_version=&#8220;4.7.4&#8243; _module_preset=&#8220;default&#8220;][\/et_pb_column][\/et_pb_row][\/et_pb_section][et_pb_section fb_built=&#8220;1&#8243; admin_label=&#8220;About&#8220; _builder_version=&#8220;3.22&#8243; use_background_color_gradient=&#8220;on&#8220; background_color_gradient_start=&#8220;rgba(240,242,246,0.5)&#8220; background_color_gradient_end=&#8220;rgba(255,255,255,0)&#8220; background_color_gradient_direction=&#8220;90deg&#8220; custom_margin=&#8220;||60px|&#8220; custom_padding=&#8220;0|0px|0|0px|false|false&#8220;][et_pb_row column_structure=&#8220;1_2,1_2&#8243; padding_top_bottom_link_1=&#8220;true&#8220; _builder_version=&#8220;3.25&#8243; custom_padding=&#8220;0|0px|0|0px|false|false&#8220;][et_pb_column type=&#8220;1_2&#8243; _builder_version=&#8220;3.25&#8243; background_color_gradient_direction=&#8220;270deg&#8220; custom_padding=&#8220;6vw||6vw|&#8220; custom_padding_tablet=&#8220;|5%||5%||true&#8220; custom_padding_phone=&#8220;|7%||7%||true&#8220; custom_padding_last_edited=&#8220;on|desktop&#8220; padding_phone=&#8220;|7%||7%||true&#8220; padding_tablet=&#8220;|5%||5%||true&#8220; padding_last_edited=&#8220;on|desktop&#8220; custom_padding__hover=&#8220;|||&#8220;][et_pb_text _builder_version=&#8220;4.7.4&#8243; text_font=&#8220;||||||||&#8220; text_font_size=&#8220;16px&#8220; text_line_height=&#8220;1.9em&#8220; header_font=&#8220;||||||||&#8220; header_2_font=&#8220;Playfair Display|700|||||||&#8220; header_2_font_size=&#8220;40px&#8220; header_2_line_height=&#8220;1.5em&#8220; header_3_font=&#8220;Lato|700||on|||||&#8220; header_3_text_color=&#8220;#3550a0&#8243; header_3_font_size=&#8220;20px&#8220; header_3_line_height=&#8220;1.5em&#8220; header_6_font=&#8220;||||||||&#8220; max_width=&#8220;600px&#8220; max_width_last_edited=&#8220;off|desktop&#8220; custom_margin=&#8220;|||&#8220; custom_padding=&#8220;|||&#8220; header_2_font_size_tablet=&#8220;30px&#8220; header_2_font_size_phone=&#8220;24px&#8220; header_2_font_size_last_edited=&#8220;on|phone&#8220; header_3_font_size_tablet=&#8220;50px&#8220; header_3_font_size_phone=&#8220;32px&#8220; header_3_font_size_last_edited=&#8220;off|desktop&#8220; locked=&#8220;off&#8220;]<\/p>\n<h2>Mehr \u00fcber uns<\/h2>\n<h3><span>Gewusst wie \u2013 klare Kante!<\/span><\/h3>\n<div class=\"et_pb_module et_pb_text et_pb_text_4  et_pb_text_align_center et_pb_bg_layout_light\">\n<div class=\"et_pb_text_inner\">\n<p style=\"text-align: justify;\">Aufgrund der immer komplizierter werdenden Gesetzgebung und der steigenden Anforderungen an Unternehmer und auch Privatpersonen im Hinblick auf das Steuerrecht ist es wichtig, einen kompetenten Partner an seiner Seite zu wissen.<\/p>\n<p style=\"text-align: justify;\">Wir sind eine mittelst\u00e4ndische Wirtschaftspr\u00fcfungs- und Steuerberatungsgesellschaft, die bereits seit 2005 erfolgreich in Oldenburg t\u00e4tig ist. Seit der Gr\u00fcndung legen wir gro\u00dfen Wert auf pers\u00f6nliche Betreuung sowie fachlich kompetente steuerliche und betriebswirtschaftliche Beratung. Dabei stehen individuelle und innovative L\u00f6sungen bei uns im Vordergrund!<\/p>\n<\/div>\n<\/div>\n<p>[\/et_pb_text][et_pb_button button_url=&#8220;@ET-DC@eyJkeW5hbWljIjp0cnVlLCJjb250ZW50IjoicG9zdF9saW5rX3VybF9wYWdlIiwic2V0dGluZ3MiOnsicG9zdF9pZCI6IjM2In19@&#8220; button_text=&#8220;Mehr Informationen&#8220; _builder_version=&#8220;4.7.4&#8243; _dynamic_attributes=&#8220;button_url&#8220; custom_button=&#8220;on&#8220; button_text_size=&#8220;16px&#8220; button_text_color=&#8220;#ffffff&#8220; button_bg_color=&#8220;#3550a0&#8243; button_border_width=&#8220;10px&#8220; button_border_color=&#8220;rgba(210,159,104,0)&#8220; button_border_radius=&#8220;100px&#8220; button_font=&#8220;Lato|900|||||||&#8220; button_use_icon=&#8220;off&#8220; button_bg_color_hover=&#8220;#4159a0&#8243; locked=&#8220;off&#8220; button_text_size__hover_enabled=&#8220;off&#8220; button_one_text_size__hover_enabled=&#8220;off&#8220; button_two_text_size__hover_enabled=&#8220;off&#8220; button_text_color__hover_enabled=&#8220;off&#8220; button_one_text_color__hover_enabled=&#8220;off&#8220; button_two_text_color__hover_enabled=&#8220;off&#8220; button_border_width__hover_enabled=&#8220;off&#8220; button_one_border_width__hover_enabled=&#8220;off&#8220; button_two_border_width__hover_enabled=&#8220;off&#8220; button_border_color__hover_enabled=&#8220;off&#8220; button_one_border_color__hover_enabled=&#8220;off&#8220; button_two_border_color__hover_enabled=&#8220;off&#8220; button_border_radius__hover_enabled=&#8220;off&#8220; button_one_border_radius__hover_enabled=&#8220;off&#8220; button_two_border_radius__hover_enabled=&#8220;off&#8220; button_letter_spacing__hover_enabled=&#8220;off&#8220; button_one_letter_spacing__hover_enabled=&#8220;off&#8220; button_two_letter_spacing__hover_enabled=&#8220;off&#8220; button_bg_color__hover_enabled=&#8220;on&#8220; button_bg_color__hover=&#8220;#4159a0&#8243; button_one_bg_color__hover_enabled=&#8220;off&#8220; button_two_bg_color__hover_enabled=&#8220;off&#8220;]<\/p>\n<h1>About Anthony<\/h1>\n<h3>Business CoacH<\/h3>\n<p>Lorem ipsum dolor sit amet, consectetur adipiscing elit, sed do eiusmod tempor incididunt ut labore et dolore magna aliqua. Ut enim ad minim veniam. Lorem ipsum dolor sit amet, cons<\/p>\n<p>[\/et_pb_button][\/et_pb_column][et_pb_column type=&#8220;1_2&#8243; _builder_version=&#8220;3.25&#8243; custom_padding=&#8220;|||&#8220; custom_padding_tablet=&#8220;|0px||0px|false|true&#8220; padding_tablet=&#8220;|0px||0px|false|true&#8220; custom_padding__hover=&#8220;|||&#8220;][et_pb_image src=&#8220;https:\/\/www.muennich-coll.de\/wp-content\/uploads\/2021\/01\/business-coach-0035.jpg&#8220; align_tablet=&#8220;center&#8220; align_phone=&#8220;&#8220; align_last_edited=&#8220;on|desktop&#8220; _builder_version=&#8220;3.23&#8243; use_background_color_gradient=&#8220;on&#8220; background_color_gradient_start=&#8220;#3550a0&#8243; background_color_gradient_end=&#8220;rgba(240,242,246,0)&#8220; background_color_gradient_start_position=&#8220;25%&#8220; background_color_gradient_end_position=&#8220;25%&#8220; max_width_last_edited=&#8220;off|desktop&#8220; custom_padding=&#8220;|||60px&#8220; animation_style=&#8220;slide&#8220; animation_direction=&#8220;top&#8220; animation_intensity_slide=&#8220;1%&#8220; box_shadow_style=&#8220;preset4&#8243; box_shadow_horizontal=&#8220;120px&#8220; box_shadow_vertical=&#8220;120px&#8220; box_shadow_spread=&#8220;-60px&#8220; box_shadow_color=&#8220;#f0f2f6&#8243;][\/et_pb_image][\/et_pb_column][\/et_pb_row][\/et_pb_section]<\/p>\n","protected":false},"excerpt":{"rendered":"<p>[et_pb_section fb_built=&#8220;1&#8243; fullwidth=&#8220;on&#8220; admin_label=&#8220;Hero Section&#8220; _builder_version=&#8220;4.7.4&#8243; background_image=&#8220;https:\/\/www.muennich-coll.de\/wp-content\/uploads\/2021\/01\/shutterstock_1388879873-klein-scaled.jpg&#8220;][et_pb_fullwidth_header subhead=&#8220;Sch\u00fcler&#8220; background_overlay_color=&#8220;rgba(0,0,0,0.8)&#8220; content_max_width=&#8220;750px&#8220; _builder_version=&#8220;4.7.4&#8243; title_font=&#8220;Poppins|700||on|||||&#8220; title_text_color=&#8220;#edbb5f&#8220; title_font_size=&#8220;14px&#8220; title_letter_spacing=&#8220;2px&#8220; title_line_height=&#8220;1.4em&#8220; content_font=&#8220;Poppins||||||||&#8220; content_font_size=&#8220;16px&#8220; content_letter_spacing=&#8220;1px&#8220; content_line_height=&#8220;2em&#8220; subhead_font=&#8220;Playfair Display|700||on|||||&#8220; subhead_font_size=&#8220;48px&#8220; subhead_letter_spacing=&#8220;3px&#8220; subhead_line_height=&#8220;1.4em&#8220; background_color=&#8220;rgba(255, 255, 255, 0)&#8220; background_image=&#8220;https:\/\/www.muennich-coll.de\/wp-content\/uploads\/2021\/01\/shutterstock_1388879873-klein-scaled.jpg&#8220; custom_button_one=&#8220;on&#8220; button_one_border_width=&#8220;1px&#8220; button_one_border_color=&#8220;rgba(255,255,255,0.3)&#8220; button_one_border_radius=&#8220;0px&#8220; button_one_letter_spacing=&#8220;1px&#8220; button_one_font=&#8220;Saira Extra Condensed|600||on|||||&#8220; button_one_icon=&#8220;%%3%%&#8220; button_one_icon_color=&#8220;#edbb5f&#8220; custom_button_two=&#8220;on&#8220; button_two_border_width=&#8220;1px&#8220; button_two_border_color=&#8220;rgba(255,255,255,0.3)&#8220; button_two_border_radius=&#8220;0px&#8220; button_two_letter_spacing=&#8220;1px&#8220; button_two_font=&#8220;Saira Extra Condensed|600||on|||||&#8220; button_two_icon=&#8220;%%3%%&#8220; button_two_icon_color=&#8220;#edbb5f&#8220; module_alignment=&#8220;right&#8220; min_height=&#8220;500px&#8220; custom_margin=&#8220;|||&#8220; custom_padding=&#8220;8%||8%|&#8220; button_one_text_color_hover=&#8220;#edbb5f&#8220; [&hellip;]<\/p>\n","protected":false},"author":1,"featured_media":0,"parent":0,"menu_order":0,"comment_status":"closed","ping_status":"closed","template":"","meta":{"_et_pb_use_builder":"on","_et_pb_old_content":"","_et_gb_content_width":"","footnotes":""},"class_list":["post-552","page","type-page","status-publish","hentry"],"_links":{"self":[{"href":"https:\/\/www.muennich-coll.de\/index.php\/wp-json\/wp\/v2\/pages\/552","targetHints":{"allow":["GET"]}}],"collection":[{"href":"https:\/\/www.muennich-coll.de\/index.php\/wp-json\/wp\/v2\/pages"}],"about":[{"href":"https:\/\/www.muennich-coll.de\/index.php\/wp-json\/wp\/v2\/types\/page"}],"author":[{"embeddable":true,"href":"https:\/\/www.muennich-coll.de\/index.php\/wp-json\/wp\/v2\/users\/1"}],"replies":[{"embeddable":true,"href":"https:\/\/www.muennich-coll.de\/index.php\/wp-json\/wp\/v2\/comments?post=552"}],"version-history":[{"count":18,"href":"https:\/\/www.muennich-coll.de\/index.php\/wp-json\/wp\/v2\/pages\/552\/revisions"}],"predecessor-version":[{"id":636,"href":"https:\/\/www.muennich-coll.de\/index.php\/wp-json\/wp\/v2\/pages\/552\/revisions\/636"}],"wp:attachment":[{"href":"https:\/\/www.muennich-coll.de\/index.php\/wp-json\/wp\/v2\/media?parent=552"}],"curies":[{"name":"wp","href":"https:\/\/api.w.org\/{rel}","templated":true}]}}